{"id":429,"date":"2021-03-04T12:45:19","date_gmt":"2021-03-04T11:45:19","guid":{"rendered":"https:\/\/cours-guitare-stmalo.com\/?page_id=429"},"modified":"2023-08-30T14:45:42","modified_gmt":"2023-08-30T12:45:42","slug":"les-news","status":"publish","type":"page","link":"https:\/\/cours-guitare-stmalo.com\/index.php\/les-news\/","title":{"rendered":"Les News"},"content":{"rendered":"<p>[et_pb_section fb_built=\u00a0\u00bb1&Prime; _builder_version=\u00a0\u00bb4.18.0&Prime; _module_preset=\u00a0\u00bbdefault\u00a0\u00bb background_color=\u00a0\u00bbRGBA(255,255,255,0)\u00a0\u00bb custom_margin=\u00a0\u00bb||-90px||false|false\u00a0\u00bb global_colors_info=\u00a0\u00bb{}\u00a0\u00bb][et_pb_row _builder_version=\u00a0\u00bb4.16&Prime; _module_preset=\u00a0\u00bbdefault\u00a0\u00bb global_colors_info=\u00a0\u00bb{}\u00a0\u00bb][et_pb_column type=\u00a0\u00bb4_4&Prime; _builder_version=\u00a0\u00bb4.16&Prime; _module_preset=\u00a0\u00bbdefault\u00a0\u00bb global_colors_info=\u00a0\u00bb{}\u00a0\u00bb][et_pb_text _builder_version=\u00a0\u00bb4.18.0&Prime; _module_preset=\u00a0\u00bbdefault\u00a0\u00bb background_color=\u00a0\u00bbrgba(225,249,255,0.6)\u00a0\u00bb module_alignment=\u00a0\u00bbcenter\u00a0\u00bb custom_margin=\u00a0\u00bb||||false|false\u00a0\u00bb custom_padding=\u00a0\u00bb10px||||false|false\u00a0\u00bb box_shadow_style=\u00a0\u00bbpreset3&Prime; box_shadow_blur=\u00a0\u00bb6px\u00a0\u00bb global_colors_info=\u00a0\u00bb{}\u00a0\u00bb]<\/p>\n<h1 style=\"text-align: center;\"><strong>Les News<\/strong><\/h1>\n<p>[\/et_pb_text][\/et_pb_column][\/et_pb_row][\/et_pb_section][et_pb_section fb_built=\u00a0\u00bb1&Prime; _builder_version=\u00a0\u00bb4.18.0&Prime; _module_preset=\u00a0\u00bbdefault\u00a0\u00bb background_color=\u00a0\u00bbRGBA(255,255,255,0)\u00a0\u00bb global_colors_info=\u00a0\u00bb{}\u00a0\u00bb][et_pb_row _builder_version=\u00a0\u00bb4.18.0&Prime; _module_preset=\u00a0\u00bbdefault\u00a0\u00bb background_color=\u00a0\u00bbrgba(52,77,87,0.6)\u00a0\u00bb custom_padding=\u00a0\u00bb|16px||18px|false|false\u00a0\u00bb box_shadow_style=\u00a0\u00bbpreset3&Prime; box_shadow_blur=\u00a0\u00bb6px\u00a0\u00bb global_colors_info=\u00a0\u00bb{}\u00a0\u00bb][et_pb_column type=\u00a0\u00bb4_4&Prime; _builder_version=\u00a0\u00bb4.18.0&Prime; _module_preset=\u00a0\u00bbdefault\u00a0\u00bb global_colors_info=\u00a0\u00bb{}\u00a0\u00bb][et_pb_text _builder_version=\u00a0\u00bb4.18.0&Prime; _module_preset=\u00a0\u00bbdefault\u00a0\u00bb hover_enabled=\u00a0\u00bb0&Prime; global_colors_info=\u00a0\u00bb{}\u00a0\u00bb sticky_enabled=\u00a0\u00bb0&Prime; custom_padding=\u00a0\u00bb||0px|||\u00a0\u00bb]<\/p>\n<h3><span style=\"color: #ffffff;\">1er Octobre &#8211; Festival \u00ab\u00a0L&rsquo;art dans la ville\u00a0\u00bb &#8211; Dinan<br \/><\/span><\/h3>\n<p><span style=\"color: #ffffff;\"><strong>de 15h30 \u00e0 16h30<\/strong> au <strong>Th\u00e9\u00e2tre des Jacobins<\/strong> dans la salle du haut, dit \u00ab salle de bal \u00bb.<br \/><strong>Improvisation en solo<\/strong> &#8211; Guitare et effets divers<\/span><span style=\"color: #ffffff;\"><\/span><\/p>\n<p>[\/et_pb_text][et_pb_text _builder_version=\u00a0\u00bb4.18.0&Prime; _module_preset=\u00a0\u00bbdefault\u00a0\u00bb hover_enabled=\u00a0\u00bb0&Prime; global_colors_info=\u00a0\u00bb{}\u00a0\u00bb sticky_enabled=\u00a0\u00bb0&Prime; custom_padding=\u00a0\u00bb||0px|||\u00a0\u00bb]<\/p>\n<h3><span style=\"color: #ffffff;\">7 Octobre &#8211; Le Garage &#8211; St P\u00e8re<br \/><\/span><\/h3>\n<p><span style=\"color: #ffffff;\"><strong>19h00<\/strong> &#8211; Concert avec le quartet <strong>In Medias Res<\/strong> (Po\u00e9sie, slam) &#8211; <br \/>1ere partie: <strong>Flexas Esteva<\/strong> (Guitare\/Voix + Mathieu Pion \u00e0 la basse)<\/span><\/p>\n<p>[\/et_pb_text][\/et_pb_column][\/et_pb_row][\/et_pb_section]<\/p>\n","protected":false},"excerpt":{"rendered":"<p>Les News1er Octobre &#8211; Festival \u00ab\u00a0L&rsquo;art dans la ville\u00a0\u00bb &#8211; Dinan de 15h30 \u00e0 16h30 au Th\u00e9\u00e2tre des Jacobins dans la salle du haut, dit \u00ab salle de bal \u00bb.Improvisation en solo &#8211; Guitare et effets divers7 Octobre &#8211; Le Garage &#8211; St P\u00e8re 19h00 &#8211; Concert avec le quartet In Medias Res (Po\u00e9sie, slam) [&hellip;]<\/p>\n","protected":false},"author":1,"featured_media":0,"parent":0,"menu_order":0,"comment_status":"closed","ping_status":"closed","template":"","meta":{"_et_pb_use_builder":"on","_et_pb_old_content":"","_et_gb_content_width":""},"_links":{"self":[{"href":"https:\/\/cours-guitare-stmalo.com\/index.php\/wp-json\/wp\/v2\/pages\/429"}],"collection":[{"href":"https:\/\/cours-guitare-stmalo.com\/index.php\/wp-json\/wp\/v2\/pages"}],"about":[{"href":"https:\/\/cours-guitare-stmalo.com\/index.php\/wp-json\/wp\/v2\/types\/page"}],"author":[{"embeddable":true,"href":"https:\/\/cours-guitare-stmalo.com\/index.php\/wp-json\/wp\/v2\/users\/1"}],"replies":[{"embeddable":true,"href":"https:\/\/cours-guitare-stmalo.com\/index.php\/wp-json\/wp\/v2\/comments?post=429"}],"version-history":[{"count":16,"href":"https:\/\/cours-guitare-stmalo.com\/index.php\/wp-json\/wp\/v2\/pages\/429\/revisions"}],"predecessor-version":[{"id":830,"href":"https:\/\/cours-guitare-stmalo.com\/index.php\/wp-json\/wp\/v2\/pages\/429\/revisions\/830"}],"wp:attachment":[{"href":"https:\/\/cours-guitare-stmalo.com\/index.php\/wp-json\/wp\/v2\/media?parent=429"}],"curies":[{"name":"wp","href":"https:\/\/api.w.org\/{rel}","templated":true}]}}