{"id":108,"date":"2021-02-26T10:33:23","date_gmt":"2021-02-26T09:33:23","guid":{"rendered":"https:\/\/cours-guitare-stmalo.com\/?page_id=108"},"modified":"2024-09-30T19:11:52","modified_gmt":"2024-09-30T17:11:52","slug":"tarifs-2020-2021","status":"publish","type":"page","link":"https:\/\/cours-guitare-stmalo.com\/index.php\/tarifs-2020-2021\/","title":{"rendered":"Tarifs"},"content":{"rendered":"<p>[et_pb_section fb_built=\u00a0\u00bb1&Prime; _builder_version=\u00a0\u00bb4.18.0&Prime; _module_preset=\u00a0\u00bbdefault\u00a0\u00bb background_color=\u00a0\u00bbRGBA(255,255,255,0)\u00a0\u00bb global_colors_info=\u00a0\u00bb{}\u00a0\u00bb][et_pb_row _builder_version=\u00a0\u00bb4.16&Prime; _module_preset=\u00a0\u00bbdefault\u00a0\u00bb background_color=\u00a0\u00bbrgba(225,249,255,0.6)\u00a0\u00bb box_shadow_style=\u00a0\u00bbpreset3&Prime; box_shadow_blur=\u00a0\u00bb6px\u00a0\u00bb global_colors_info=\u00a0\u00bb{}\u00a0\u00bb][et_pb_column type=\u00a0\u00bb4_4&Prime; _builder_version=\u00a0\u00bb4.16&Prime; _module_preset=\u00a0\u00bbdefault\u00a0\u00bb global_colors_info=\u00a0\u00bb{}\u00a0\u00bb][et_pb_text _builder_version=\u00a0\u00bb4.18.0&Prime; _module_preset=\u00a0\u00bbdefault\u00a0\u00bb background_color=\u00a0\u00bb#f1f1f1&Prime; module_alignment=\u00a0\u00bbcenter\u00a0\u00bb custom_margin=\u00a0\u00bb||||false|false\u00a0\u00bb custom_padding=\u00a0\u00bb10px||||false|false\u00a0\u00bb box_shadow_style=\u00a0\u00bbpreset3&Prime; box_shadow_blur=\u00a0\u00bb6px\u00a0\u00bb global_colors_info=\u00a0\u00bb{}\u00a0\u00bb]<\/p>\n<h1 style=\"text-align: center;\"><strong>TARIFS 2023\/2024<\/strong><\/h1>\n<p>[\/et_pb_text][\/et_pb_column][\/et_pb_row][et_pb_row _builder_version=\u00a0\u00bb4.18.0&Prime; _module_preset=\u00a0\u00bbdefault\u00a0\u00bb background_color=\u00a0\u00bbrgba(225,249,255,0.6)\u00a0\u00bb box_shadow_style=\u00a0\u00bbpreset3&Prime; box_shadow_blur=\u00a0\u00bb6px\u00a0\u00bb global_colors_info=\u00a0\u00bb{}\u00a0\u00bb][et_pb_column type=\u00a0\u00bb4_4&Prime; _builder_version=\u00a0\u00bb4.16&Prime; _module_preset=\u00a0\u00bbdefault\u00a0\u00bb global_colors_info=\u00a0\u00bb{}\u00a0\u00bb][et_pb_text _builder_version=\u00a0\u00bb4.18.0&Prime; _module_preset=\u00a0\u00bbdefault\u00a0\u00bb background_color=\u00a0\u00bbRGBA(0,0,0,0)\u00a0\u00bb custom_padding=\u00a0\u00bb13px|||28px|false|false\u00a0\u00bb border_style_all=\u00a0\u00bbdashed\u00a0\u00bb global_colors_info=\u00a0\u00bb{}\u00a0\u00bb]<\/p>\n<ul>\n<li>Les cours d\u00e9marrent <strong>\u00e0 partir de 12 ans. <\/strong>( possibilit\u00e9 pour les moins de 12 ans ayant d\u00e9j\u00e0 une pratique s\u00e9rieuse. Sur audition &#8211; 495\u20ac)<\/li>\n<li>Les <strong>cours de basse<\/strong> sont soumis aux m\u00eames conditions de forfaits que les cours de guitare.<\/li>\n<li>Les <strong>cours collectifs<\/strong>, dans la mesure du possible, r\u00e9unissent des \u00e9l\u00e8ves de <strong>tranches d&rsquo;\u00e2ges homog\u00e8nes. <\/strong>Pas plus de 5 \u00e9l\u00e8ves.<\/li>\n<li>Pour les<strong> grands d\u00e9butants<\/strong> le forfait de <strong>28 s\u00e9ances<\/strong> de <strong>30mn<\/strong>\/<strong>semaine<\/strong> est <strong>conseill\u00e9<\/strong>.<\/li>\n<li>Pour les <strong>avanc\u00e9s<\/strong> qui souhaitent \u00e9tudier l&rsquo;<strong>improvisation<\/strong> le <strong>forfait<\/strong> de <strong>1h\/semaine ou 1h\/15 jours<\/strong> est <strong>conseill\u00e9<\/strong>.<\/li>\n<li>Le <strong>paiement des forfaits annuels<\/strong> peut \u00eatre \u00e9chelonn\u00e9 en <strong>4x.<\/strong><\/li>\n<li><strong>Hors forfait annuel &#8230; 30mn = 3<\/strong><strong>0\u20ac <\/strong>et <strong>1h = 50\u20ac .<\/strong><\/li>\n<li><strong>Cours suppl\u00e9mentaires possibles pour les \u00e9l\u00e8ves d\u00e9j\u00e0 inscrits \u00e0 un forfait annuel<\/strong> (20\u20ac\/1\/2h ou 40\u20ac\/h).<\/li>\n<li>Des <strong>cours intensifs<\/strong> peuvent \u00eatre envisag\u00e9s sous forme de <strong>coaching<\/strong> <strong>individuel<\/strong> sur une <strong>dur\u00e9e d\u00e9termin\u00e9e<\/strong>. <strong>Devis<\/strong> <strong>sur demande<\/strong>.<\/li>\n<\/ul>\n<p>[\/et_pb_text][\/et_pb_column][\/et_pb_row][et_pb_row _builder_version=\u00a0\u00bb4.18.0&Prime; _module_preset=\u00a0\u00bbdefault\u00a0\u00bb background_color=\u00a0\u00bbrgba(225,249,255,0.6)\u00a0\u00bb box_shadow_style=\u00a0\u00bbpreset3&Prime; box_shadow_blur=\u00a0\u00bb6px\u00a0\u00bb global_colors_info=\u00a0\u00bb{}\u00a0\u00bb][et_pb_column type=\u00a0\u00bb4_4&Prime; _builder_version=\u00a0\u00bb4.16&Prime; _module_preset=\u00a0\u00bbdefault\u00a0\u00bb global_colors_info=\u00a0\u00bb{}\u00a0\u00bb][et_pb_pricing_tables _builder_version=\u00a0\u00bb4.26.0&Prime; _module_preset=\u00a0\u00bbdefault\u00a0\u00bb background_color=\u00a0\u00bbrgba(225,249,255,0.6)\u00a0\u00bb hover_enabled=\u00a0\u00bb0&Prime; box_shadow_style=\u00a0\u00bbpreset3&Prime; box_shadow_blur=\u00a0\u00bb6px\u00a0\u00bb global_colors_info=\u00a0\u00bb{}\u00a0\u00bb sticky_enabled=\u00a0\u00bb0&Prime;][et_pb_pricing_table title=\u00a0\u00bbCollectif 1h\u00a0\u00bb subtitle=\u00a0\u00bb28 s\u00e9ances de septembre \u00e0 juin\u00a0\u00bb sum=\u00a0\u00bb490\u20ac\u00a0\u00bb _builder_version=\u00a0\u00bb4.26.0&Prime; _module_preset=\u00a0\u00bbdefault\u00a0\u00bb hover_enabled=\u00a0\u00bb0&Prime; global_colors_info=\u00a0\u00bb{}\u00a0\u00bb sticky_transition=\u00a0\u00bbon\u00a0\u00bb sticky_enabled=\u00a0\u00bb0&Prime;]<\/p>\n<p style=\"text-align: left;\">Vous venez <strong>1h chaque semaine<\/strong> hors vacances scolaires.<\/p>\n<p style=\"text-align: left;\"><strong>Chacun avance \u00e0 son rythme<\/strong> dans une <strong>ambiance chaleureuse<\/strong> et <strong>bienveillante<\/strong>. La coh\u00e9sion de groupe permet une <strong>entre-aide b\u00e9n\u00e9fique<\/strong>.<\/p>\n<p style=\"text-align: left;\">On apprend les <strong>bases de la guitare<\/strong> d&rsquo;<strong>accompagnement<\/strong> et on travaille sur un <strong>r\u00e9pertoire de chansons<\/strong> propos\u00e9es par les \u00e9l\u00e8ves.<\/p>\n<p style=\"text-align: left;\">Pour <strong>les groupes plus avanc\u00e9s<\/strong> on peut aussi travailler sous la forme d&rsquo;<strong>orchestre de guitare<\/strong>. Cela permet d&rsquo;\u00e9tudier des techniques en <strong>single notes<\/strong> peu abord\u00e9es en guitare d&rsquo;accompagnement.<\/p>\n<p>[\/et_pb_pricing_table][\/et_pb_pricing_tables][et_pb_pricing_tables _builder_version=\u00a0\u00bb4.18.0&Prime; _module_preset=\u00a0\u00bbdefault\u00a0\u00bb background_color=\u00a0\u00bbrgba(225,249,255,0.6)\u00a0\u00bb box_shadow_style=\u00a0\u00bbpreset3&Prime; box_shadow_blur=\u00a0\u00bb6px\u00a0\u00bb global_colors_info=\u00a0\u00bb{}\u00a0\u00bb][et_pb_pricing_table title=\u00a0\u00bbSOLO 30mn\u00a0\u00bb subtitle=\u00a0\u00bb28 s\u00e9ances de septembre \u00e0 juin\u00a0\u00bb sum=\u00a0\u00bb595\u20ac\u00a0\u00bb _builder_version=\u00a0\u00bb4.18.0&Prime; _module_preset=\u00a0\u00bbdefault\u00a0\u00bb global_colors_info=\u00a0\u00bb{}\u00a0\u00bb sticky_transition=\u00a0\u00bbon\u00a0\u00bb]<\/p>\n<p>Vous venez <strong>30mn chaque semaine<\/strong> hors vacances scolaires.<\/p>\n<p><span style=\"text-decoration: underline;\"><strong>Niveau d\u00e9butant :<\/strong><\/span> On apprend les <strong>accords<\/strong> et les <strong>rythmes<\/strong> <strong>principaux<\/strong>. On travaille les <strong>enchainements des accords<\/strong> et la <strong>mise en place rythmique<\/strong>. L&rsquo;apprentissage de ces outils vous permet de jouer les accompagnements des chansons que vous choisirez pendant l&rsquo;ann\u00e9e au fil de votre progression.<\/p>\n<p><span style=\"text-decoration: underline;\"><strong>Niveau Initi\u00e9 et Avanc\u00e9 :<\/strong><\/span> On <strong>approfondi<\/strong> la connaissance des <strong>accords<\/strong> et de la mise en place <strong>rythmique<\/strong>. Pour la guitare d&rsquo;accompagnement on travaille plus les <strong>nuances<\/strong> et les <strong>subtilit\u00e9s<\/strong> dans le jeu (effets typiques \u00e0 la guitare). On peut aussi aborder de mani\u00e8re soft ou plus d\u00e9taill\u00e9e le travail de l&rsquo;accompagnement et l&rsquo;<strong>improvisation<\/strong> dans <strong>diff\u00e9rents styles<\/strong> (jazz, blues, funk, rock &#8230; ) de <strong>musique<\/strong> <strong>actuelle<\/strong>.<\/p>\n<p><span style=\"text-decoration: underline;\"><strong>L&rsquo;avantage du cours individuel :<\/strong><\/span> On avance <strong>\u00e0 votre rythme<\/strong>. les <strong>conseils<\/strong> et les <strong>exercices<\/strong> sont <strong>personnalis\u00e9s<\/strong>. C&rsquo;est un bon moyen d&rsquo;<strong>avancer<\/strong> <strong>vite<\/strong> et <strong>bien<\/strong>.<\/p>\n<p>[\/et_pb_pricing_table][et_pb_pricing_table title=\u00a0\u00bbSOLO 1h\u00a0\u00bb subtitle=\u00a0\u00bb28 s\u00e9ances de septembre \u00e0 juin\u00a0\u00bb sum=\u00a0\u00bb1190\u20ac\u00a0\u00bb _builder_version=\u00a0\u00bb4.18.0&Prime; _module_preset=\u00a0\u00bbdefault\u00a0\u00bb global_colors_info=\u00a0\u00bb{}\u00a0\u00bb sticky_transition=\u00a0\u00bbon\u00a0\u00bb]<\/p>\n<p>Vous venez <strong>1h chaque semaine<\/strong> hors vacances scolaires.<\/p>\n<p><span style=\"text-decoration: underline;\"><strong>Niveau d\u00e9butant :<\/strong><\/span> On apprend les <strong>accords<\/strong> et les <strong>rythmes<\/strong> <strong>principaux<\/strong>. On travaille les e<strong>nchainements des accords<\/strong> et la <strong>mise en place rythmique<\/strong>. L&rsquo;apprentissage de ces outils vous permet de jouer les accompagnement des chansons que vous choisirez pendant l&rsquo;ann\u00e9e au fil de votre progression.<\/p>\n<p><span style=\"text-decoration: underline;\"><strong>Niveau Initi\u00e9 et Avanc\u00e9 :<\/strong><\/span> On <strong>approfondi<\/strong> la connaissance des <strong>accords<\/strong> et de la mise en place <strong>rythmique<\/strong>. Pour la guitare d&rsquo;accompagnement on travaille plus les <strong>nuances<\/strong> et les <strong>subtilit\u00e9s<\/strong> dans le jeu (effets typiques \u00e0 la guitare). On peut aussi aborder de mani\u00e8re soft ou plus d\u00e9taill\u00e9e le travail de l&rsquo;accompagnement et l&rsquo;<strong>improvisation<\/strong> dans <strong>diff\u00e9rents styles<\/strong> (jazz, blues, funk, rock &#8230; ) de <strong>musique<\/strong> <strong>actuelle<\/strong>.<\/p>\n<p><span style=\"text-decoration: underline;\"><strong>L&rsquo;avantage du cours individuel :<\/strong><\/span> On avance <strong>\u00e0 votre rythme<\/strong>. les <strong>conseils<\/strong> et les <strong>exercices<\/strong> sont <strong>personnalis\u00e9s<\/strong>. C&rsquo;est un bon moyen d&rsquo;<strong>avancer<\/strong> <strong>vite<\/strong> et <strong>bien<\/strong>.<\/p>\n<p>[\/et_pb_pricing_table][\/et_pb_pricing_tables][et_pb_pricing_tables _builder_version=\u00a0\u00bb4.18.0&Prime; _module_preset=\u00a0\u00bbdefault\u00a0\u00bb background_color=\u00a0\u00bbrgba(225,249,255,0.6)\u00a0\u00bb box_shadow_style=\u00a0\u00bbpreset3&Prime; box_shadow_blur=\u00a0\u00bb6px\u00a0\u00bb global_colors_info=\u00a0\u00bb{}\u00a0\u00bb][et_pb_pricing_table title=\u00a0\u00bbSOLO \u00c0 LA CARTE 30mn\u00a0\u00bb subtitle=\u00a0\u00bb14 s\u00e9ances de septembre \u00e0 juin\u00a0\u00bb sum=\u00a0\u00bb350\u20ac\u00a0\u00bb _builder_version=\u00a0\u00bb4.18.0&Prime; _module_preset=\u00a0\u00bbdefault\u00a0\u00bb global_colors_info=\u00a0\u00bb{}\u00a0\u00bb sticky_transition=\u00a0\u00bbon\u00a0\u00bb]<\/p>\n<p>Vous venez <strong>30mn une fois tous les 15 jours.<\/strong><\/p>\n<p><span style=\"text-decoration: underline;\"><strong>Avantage du forfait 14 s\u00e9ances :<\/strong><\/span> Vous avez d\u00e9j\u00e0 une <strong>autonomie<\/strong> <strong>de<\/strong> <strong>travail<\/strong>, votre <strong>emploi du temps<\/strong> ne vous permet pas de venir toutes les semaines \u00e0 un jour ou une heure fixe, ou alors votre <strong>budget est limit\u00e9<\/strong>.<\/p>\n<p>Vous g\u00e9rez votre planning comme il vous convient sur l&rsquo;ann\u00e9e scolaire.<\/p>\n<p>[\/et_pb_pricing_table][et_pb_pricing_table title=\u00a0\u00bbSOLO \u00c0 LA CARTE 45mn\u00a0\u00bb subtitle=\u00a0\u00bb14 s\u00e9ances de septembre \u00e0 juin\u00a0\u00bb sum=\u00a0\u00bb495\u20ac\u00a0\u00bb _builder_version=\u00a0\u00bb4.18.0&Prime; _module_preset=\u00a0\u00bbdefault\u00a0\u00bb global_colors_info=\u00a0\u00bb{}\u00a0\u00bb sticky_transition=\u00a0\u00bbon\u00a0\u00bb]<\/p>\n<p>Vous venez <strong>45mn une fois tous les 15 jours.<\/strong><\/p>\n<p><span style=\"text-decoration: underline;\"><strong>Avantage du forfait 14 s\u00e9ances :<\/strong><\/span> Vous avez d\u00e9j\u00e0 une <strong>autonomie<\/strong> <strong>de<\/strong> <strong>travail<\/strong>, votre <strong>emploi du temps<\/strong> ne vous permet pas de venir toutes les semaines \u00e0 un jour ou une heure fixe, ou alors votre <strong>budget est limit\u00e9<\/strong>.<\/p>\n<p>Vous g\u00e9rez votre planning comme il vous convient sur l&rsquo;ann\u00e9e scolaire.<\/p>\n<p>[\/et_pb_pricing_table][et_pb_pricing_table title=\u00a0\u00bbSOLO \u00c0 LA CARTE 1h\u00a0\u00bb subtitle=\u00a0\u00bb14 s\u00e9ances de septembre \u00e0 juin\u00a0\u00bb sum=\u00a0\u00bb610\u20ac\u00a0\u00bb _builder_version=\u00a0\u00bb4.18.0&Prime; _module_preset=\u00a0\u00bbdefault\u00a0\u00bb global_colors_info=\u00a0\u00bb{}\u00a0\u00bb sticky_transition=\u00a0\u00bbon\u00a0\u00bb]<\/p>\n<p>Vous venez <strong>1heure une fois tous les 15 jours.<\/strong><\/p>\n<p><span style=\"text-decoration: underline;\"><strong>Avantage du forfait 14 s\u00e9ances :<\/strong><\/span> Vous avez d\u00e9j\u00e0 une <strong>autonomie<\/strong> <strong>de<\/strong> <strong>travail<\/strong>, votre <strong>emploi du temps<\/strong> ne vous permet pas de venir toutes les semaines \u00e0 un jour ou une heure fixe, ou alors votre <strong>budget est limit\u00e9<\/strong>.<\/p>\n<p>Vous g\u00e9rez votre planning comme il vous convient sur l&rsquo;ann\u00e9e scolaire.<\/p>\n<p>[\/et_pb_pricing_table][\/et_pb_pricing_tables][\/et_pb_column][\/et_pb_row][\/et_pb_section]<\/p>\n","protected":false},"excerpt":{"rendered":"<p>TARIFS 2023\/2024 Les cours d\u00e9marrent \u00e0 partir de 12 ans. ( possibilit\u00e9 pour les moins de 12 ans ayant d\u00e9j\u00e0 une pratique s\u00e9rieuse. Sur audition &#8211; 495\u20ac) Les cours de basse sont soumis aux m\u00eames conditions de forfaits que les cours de guitare. Les cours collectifs, dans la mesure du possible, r\u00e9unissent des \u00e9l\u00e8ves de [&hellip;]<\/p>\n","protected":false},"author":1,"featured_media":0,"parent":0,"menu_order":0,"comment_status":"closed","ping_status":"closed","template":"","meta":{"_et_pb_use_builder":"on","_et_pb_old_content":"","_et_gb_content_width":""},"_links":{"self":[{"href":"https:\/\/cours-guitare-stmalo.com\/index.php\/wp-json\/wp\/v2\/pages\/108"}],"collection":[{"href":"https:\/\/cours-guitare-stmalo.com\/index.php\/wp-json\/wp\/v2\/pages"}],"about":[{"href":"https:\/\/cours-guitare-stmalo.com\/index.php\/wp-json\/wp\/v2\/types\/page"}],"author":[{"embeddable":true,"href":"https:\/\/cours-guitare-stmalo.com\/index.php\/wp-json\/wp\/v2\/users\/1"}],"replies":[{"embeddable":true,"href":"https:\/\/cours-guitare-stmalo.com\/index.php\/wp-json\/wp\/v2\/comments?post=108"}],"version-history":[{"count":27,"href":"https:\/\/cours-guitare-stmalo.com\/index.php\/wp-json\/wp\/v2\/pages\/108\/revisions"}],"predecessor-version":[{"id":865,"href":"https:\/\/cours-guitare-stmalo.com\/index.php\/wp-json\/wp\/v2\/pages\/108\/revisions\/865"}],"wp:attachment":[{"href":"https:\/\/cours-guitare-stmalo.com\/index.php\/wp-json\/wp\/v2\/media?parent=108"}],"curies":[{"name":"wp","href":"https:\/\/api.w.org\/{rel}","templated":true}]}}