{"id":104,"date":"2021-02-26T09:57:43","date_gmt":"2021-02-26T08:57:43","guid":{"rendered":"https:\/\/cours-guitare-stmalo.com\/?page_id=104"},"modified":"2024-06-04T10:05:08","modified_gmt":"2024-06-04T08:05:08","slug":"votre-prof","status":"publish","type":"page","link":"https:\/\/cours-guitare-stmalo.com\/index.php\/votre-prof\/","title":{"rendered":"Votre Prof"},"content":{"rendered":"<p>[et_pb_section fb_built=\u00a0\u00bb1&Prime; _builder_version=\u00a0\u00bb4.18.0&Prime; _module_preset=\u00a0\u00bbdefault\u00a0\u00bb background_color=\u00a0\u00bbRGBA(255,255,255,0)\u00a0\u00bb global_colors_info=\u00a0\u00bb{}\u00a0\u00bb][et_pb_row _builder_version=\u00a0\u00bb4.16&Prime; _module_preset=\u00a0\u00bbdefault\u00a0\u00bb global_colors_info=\u00a0\u00bb{}\u00a0\u00bb][et_pb_column type=\u00a0\u00bb4_4&Prime; _builder_version=\u00a0\u00bb4.16&Prime; _module_preset=\u00a0\u00bbdefault\u00a0\u00bb global_colors_info=\u00a0\u00bb{}\u00a0\u00bb][et_pb_text _builder_version=\u00a0\u00bb4.16&Prime; _module_preset=\u00a0\u00bbdefault\u00a0\u00bb background_color=\u00a0\u00bb#f2f2f2&Prime; module_alignment=\u00a0\u00bbcenter\u00a0\u00bb custom_margin=\u00a0\u00bb||||false|false\u00a0\u00bb custom_padding=\u00a0\u00bb10px||||false|false\u00a0\u00bb box_shadow_style=\u00a0\u00bbpreset3&Prime; box_shadow_blur=\u00a0\u00bb5px\u00a0\u00bb global_colors_info=\u00a0\u00bb{}\u00a0\u00bb]<\/p>\n<h1 style=\"text-align: center;\"><strong>VOTRE PROF DE GUITARE<\/strong><\/h1>\n<p>[\/et_pb_text][\/et_pb_column][\/et_pb_row][et_pb_row column_structure=\u00a0\u00bb2_5,3_5&Prime; _builder_version=\u00a0\u00bb4.16&Prime; _module_preset=\u00a0\u00bbdefault\u00a0\u00bb background_color=\u00a0\u00bb#D1DEDF\u00a0\u00bb custom_padding=\u00a0\u00bb|36px||24px|false|false\u00a0\u00bb box_shadow_style=\u00a0\u00bbpreset3&Prime; box_shadow_vertical=\u00a0\u00bb1px\u00a0\u00bb global_colors_info=\u00a0\u00bb{}\u00a0\u00bb][et_pb_column type=\u00a0\u00bb2_5&Prime; _builder_version=\u00a0\u00bb4.16&Prime; _module_preset=\u00a0\u00bbdefault\u00a0\u00bb global_colors_info=\u00a0\u00bb{}\u00a0\u00bb][et_pb_image src=\u00a0\u00bbhttps:\/\/cours-guitare-stmalo.com\/wp-content\/uploads\/2024\/06\/jocelyn-garage-2024.jpg\u00a0\u00bb title_text=\u00a0\u00bbjocelyn-garage-2024&Prime; _builder_version=\u00a0\u00bb4.18.0&Prime; _module_preset=\u00a0\u00bbdefault\u00a0\u00bb hover_enabled=\u00a0\u00bb0&Prime; global_colors_info=\u00a0\u00bb{}\u00a0\u00bb sticky_enabled=\u00a0\u00bb0&Prime;][\/et_pb_image][et_pb_image src=\u00a0\u00bbhttps:\/\/cours-guitare-stmalo.com\/wp-content\/uploads\/2021\/03\/photos-Fred-le-disou-12.jpg\u00a0\u00bb title_text=\u00a0\u00bbphotos Fred le disou (12)\u00a0\u00bb _builder_version=\u00a0\u00bb4.16&Prime; _module_preset=\u00a0\u00bbdefault\u00a0\u00bb global_colors_info=\u00a0\u00bb{}\u00a0\u00bb][\/et_pb_image][et_pb_image src=\u00a0\u00bbhttps:\/\/cours-guitare-stmalo.com\/wp-content\/uploads\/2023\/07\/duo-Sandrine.png\u00a0\u00bb title_text=\u00a0\u00bbduo Sandrine\u00a0\u00bb _builder_version=\u00a0\u00bb4.18.0&Prime; _module_preset=\u00a0\u00bbdefault\u00a0\u00bb global_colors_info=\u00a0\u00bb{}\u00a0\u00bb][\/et_pb_image][\/et_pb_column][et_pb_column type=\u00a0\u00bb3_5&Prime; _builder_version=\u00a0\u00bb4.16&Prime; _module_preset=\u00a0\u00bbdefault\u00a0\u00bb global_colors_info=\u00a0\u00bb{}\u00a0\u00bb][et_pb_text _builder_version=\u00a0\u00bb4.18.0&Prime; _module_preset=\u00a0\u00bbdefault\u00a0\u00bb hover_enabled=\u00a0\u00bb0&Prime; global_colors_info=\u00a0\u00bb{}\u00a0\u00bb sticky_enabled=\u00a0\u00bb0&Prime;]<\/p>\n<p style=\"text-align: justify;\">\u2022<strong> 1985\u00a0 <\/strong>D\u00e9bute la guitare en autodidacte.<\/p>\n<p style=\"text-align: justify;\"><strong>\u2022 1986<\/strong> Au lyc\u00e9e il monte \u00ab\u00a0Azul\u00a0\u00bb, son premier groupe de jazz-fusion avec qui il remportera un concours inter-lyc\u00e9es des jeunesses musicales de france (JMF).<\/p>\n<p style=\"text-align: justify;\"><strong>\u2022 1990<\/strong> Il int\u00e8gre le <a href=\"https:\/\/www.lecim.com\/\"><strong>Centre<\/strong> <strong>d&rsquo;Information<\/strong> <strong>Musicale<\/strong><\/a> (<strong>CIM<\/strong>) de Paris o\u00f9 il \u00e9tudie la guitare jazz avec les guitaristes <a href=\"https:\/\/fr.wikipedia.org\/wiki\/Philippe_Petit_(guitariste)\"><strong>Philippe<\/strong> <strong>Petit <\/strong><\/a>(Barney Wilen, Michel Grailler, Riccardo Del Fra, Miroslav Vitous, Tal Farlow &#8230;) et <strong><a href=\"https:\/\/fr.wikipedia.org\/wiki\/No%C3%ABl_Akchot%C3%A9QHMSzRTndCrPM1GPf&amp;opi=89978449\">Noel Akchot\u00e9<\/a><\/strong> (Henri Texier, Louis Sclavis, Daniel Humair, Jacques Thollot, Sam Rivers&#8230;) et participe au <strong>big band de guitare <\/strong>avec des arrangements de <strong>Pierre Cullaz.<\/strong><\/p>\n<p style=\"text-align: justify;\">\u2022 <strong>1991 Centre Musicale et Cr\u00e9atif de Nancy<\/strong> (le <strong>CMCN <\/strong>aujourd&rsquo;hui rebaptis\u00e9 <a href=\"https:\/\/www.maifrance.com\/\"><strong>M.A.I<\/strong><\/a><strong>.<\/strong>) Deux ann\u00e9es de cycle pro (classe de jazz) avec <a href=\"https:\/\/www.youtube.com\/watch?v=LZamzrPsd7A\"><strong>Fred\u00e9ric Loiseau<\/strong><\/a>, <a href=\"https:\/\/fr.wikipedia.org\/wiki\/Yannick_Robert\"><strong>Yannick Robert<\/strong><\/a>, <a href=\"https:\/\/www.fattoincasa.fr\/index.php\/2019\/04\/11\/philippe-canovas\/\"><strong>Philippe Canovas<\/strong><\/a>, <strong><a href=\"https:\/\/www.pierrejeangaucher.com\/fr\">Pierre-Jean Gaucher<\/a><\/strong> ou encore <a href=\"https:\/\/www.facebook.com\/jeanclaude.rapin.5\"><strong>Jean-Claude Rapin<\/strong><\/a>. Participe aux ateliers de <a href=\"https:\/\/charliersourisse.com\/\"><strong>Benoit Sourrisse<\/strong> et <strong>Andr\u00e9 Charlier<\/strong><\/a>, <a href=\"https:\/\/www.youtube.com\/watch?v=oIfNi_mhECE&amp;feature=emb_logo\"><strong>Franck Agulhon<\/strong><\/a> et b\u00e9n\u00e9ficie de masterclass de tr\u00e8s haut niveau avec <a href=\"https:\/\/www.google.fr\/url?sa=t&amp;rct=j&amp;q=&amp;esrc=s&amp;source=web&amp;cd=&amp;cad=rja&amp;uact=8&amp;ved=2ahUKEwjNh6WKpZfvAhUHrRQKHTgaBucQFjAAegQICBAD&amp;url=https%3A%2F%2Ffr.wikipedia.org%2Fwiki%2FJoe_Zawinul&amp;usg=AOvVaw25V7i_hNTdra6d34mVepAk\"><strong>Joe Zawinul<\/strong><\/a> (Miles Davis, Weather Report) ou <a href=\"https:\/\/www.google.fr\/url?sa=t&amp;rct=j&amp;q=&amp;esrc=s&amp;source=web&amp;cd=&amp;cad=rja&amp;uact=8&amp;ved=2ahUKEwjQ8ZefpZfvAhWOkxQKHQNLDe0QFjAEegQIBhAD&amp;url=https%3A%2F%2Ffr.wikipedia.org%2Fwiki%2FF%25C3%25A9lix_Sabal-Lecco_(musicien)&amp;usg=AOvVaw2x6JP-DaEY0atF0YAiAGOz\"><strong>F\u00e9lix et Armand Sabal Lecco<\/strong><\/a> (Peter Gabriel, Prince, Sting, Jeff Beck, Paul Simon) entre autres.<\/p>\n<p style=\"text-align: justify;\">\u2022 <strong>1993 <\/strong>Concerts et rencontres avec <a href=\"http:\/\/pascalsalmon.meabilis.fr\/\">Pascal Salmon<\/a> Trio, Ness (avec Gabriel Jego, <a href=\"https:\/\/www.pierreyvesmerel.com\/\">Pierre-Yves M\u00e9rel<\/a> , <a href=\"https:\/\/musicajans.com\/franck-bougier\/\">Franck Bougier<\/a>, <a href=\"https:\/\/www.tamm-kreiz.bzh\/personne\/1977\/Etienne+CALLAC\">Etienne Callac.<\/a>). D\u00e9but de l&rsquo;enseignement de la guitare (Centre Allende \u00e0 St Malo ou <a href=\"https:\/\/antipode-rennes.fr\/\">Antipode<\/a> \u00e0 Rennes).<\/p>\n<p style=\"text-align: justify;\">\u2022 <strong>1995\u00a0<\/strong> <strong>jazz-fusion\u00a0<\/strong> avec <strong>\u00ab\u00a0Rumeurs\u00a0\u00bb (Stephane Stanger, Didier Momo)<br \/><\/strong><strong>\u2022 1996 <\/strong><strong>musique<\/strong> <strong>celtique<\/strong> avec<strong> Antan (Jean-Fran\u00e7ois Roger, P. Lefevre)<br \/>\u2022 1999 \u00c9tudes \u00e0 la <\/strong>Fac de musicologie de Rennes<br \/>\u2022 <strong>2005-2011 <\/strong>Enseignement \u00e0 <strong>l&rsquo;\u00e9cole de musique de Cancale, <\/strong>concerts et enregistrements avec le groupe <a href=\"http:\/\/www.zicmeup.com\/groupe\/vanou\/bio\"><strong>Vanou<\/strong><\/a> (chanson et musique irlandaise) et le groupe d&rsquo;<a href=\"https:\/\/www.axelchill.com\/lafleurdelage\"><strong>Axel Chill<\/strong> <\/a>(chanteur \u00ab\u00a0\u00e0 textes\u00a0\u00bb).<br \/><strong>\u2022 2010 <\/strong>Cr\u00e9ation de<strong> Guitar School<br \/><\/strong><strong>et Depuis &#8230;<\/strong><br \/><strong>\u2022 Duos guitare\/voix<\/strong> (Fanny Gaignard, Sandrine Decroi).<br \/><strong>\u2022<\/strong> Exp\u00e9riences aussi vari\u00e9es qu&rsquo;\u00e9ph\u00e9m\u00e8res lors de concerts d&rsquo;un soir (<a href=\"https:\/\/soundcloud.com\/lvdtrio\"><strong>Lise<\/strong> <\/a><strong><a href=\"https:\/\/soundcloud.com\/lvdtrio\">Vandooren<\/a> et Yann Moroux trio<\/strong>, <a href=\"https:\/\/fr.wikipedia.org\/wiki\/Lucky_Peterson\"><strong>Lucky Peterson<\/strong><\/a>, <strong>Janco Blues Band<\/strong>, <strong>White Spirit 5tet<\/strong> &#8230;)<br \/><strong>\u2022 Depuis 2019<\/strong> Nouveaux <strong>Duos guitare\/voix<\/strong> (<strong><a href=\"https:\/\/www.youtube.com\/watch?v=LaliSTQ3LS4\">What&rsquo;s New, Feeling Time<\/a><\/strong>) et int\u00e9gration du groupe <a href=\"https:\/\/www.google.fr\/url?sa=t&amp;rct=j&amp;q=&amp;esrc=s&amp;source=web&amp;cd=&amp;cad=rja&amp;uact=8&amp;ved=2ahUKEwjU4MzCppfvAhUPlxQKHZnUAJkQFjAFegQIARAD&amp;url=https%3A%2F%2Fwww.facebook.com%2Fpages%2Fcategory%2FBand%2FIn-M%25C3%25A9dia-Res-990920377704198%2F&amp;usg=AOvVaw1BVf3FFgjTv3DveLtyObjn\"><strong>In Medias Res <\/strong><\/a>de <strong>Fabien Rogier <\/strong>le<strong> <\/strong>po\u00eate\/slammeur, groupe dans lequel il retrouve de vieux comparses que sont <strong>Gabriel Jego<\/strong> (Drums) et <strong>J\u00e9rome Cou\u00e9<\/strong> (basse).<br \/>\u2022 Depuis septembre 2023 Bassiste\/Guitariste du groupe de musique festive \u00ab\u00a0<a href=\"https:\/\/www.facebook.com\/aufonddmacour\/\">Au fond d&rsquo;ma cour<\/a>\u00a0\u00bb et guitariste du groupe de la chanteuse libanaise <a href=\"https:\/\/www.youtube.com\/@YasminaHabravideos\">Yasmina Habra.<\/a><\/p>\n<p style=\"text-align: justify;\">Mais aussi mise en place du concept <a href=\"https:\/\/jocelynguyomard.bandcamp.com\/album\/live-dinan-volume-1\"><strong>Actinium Music<\/strong><\/a> (musique en solo totalement improvis\u00e9e de type \u00ab\u00a0intuitive\u00a0\u00bb \u00e0 caract\u00e8re zen et m\u00e9ditative) ainsi que le collectif d&rsquo;improvisation <strong>La Joconde (<a href=\"https:\/\/www.youtube.com\/watch?v=3p3nI8GgaJY\">Sarah Amiot<\/a>, <a href=\"https:\/\/www.youtube.com\/watch?v=fI8rWVvauZo\">Stephane Legu\u00e9rinel<\/a><\/strong> et<strong> <a href=\"https:\/\/www.youtube.com\/watch?v=_wHFIPYcn9s\">Gabriel Jego<\/a>)<\/strong><\/p>\n<p style=\"text-align: justify;\">[\/et_pb_text][\/et_pb_column][\/et_pb_row][\/et_pb_section]<\/p>\n","protected":false},"excerpt":{"rendered":"<p>VOTRE PROF DE GUITARE\u2022 1985\u00a0 D\u00e9bute la guitare en autodidacte. \u2022 1986 Au lyc\u00e9e il monte \u00ab\u00a0Azul\u00a0\u00bb, son premier groupe de jazz-fusion avec qui il remportera un concours inter-lyc\u00e9es des jeunesses musicales de france (JMF). \u2022 1990 Il int\u00e8gre le Centre d&rsquo;Information Musicale (CIM) de Paris o\u00f9 il \u00e9tudie la guitare jazz avec les guitaristes [&hellip;]<\/p>\n","protected":false},"author":1,"featured_media":0,"parent":0,"menu_order":0,"comment_status":"closed","ping_status":"closed","template":"","meta":{"_et_pb_use_builder":"on","_et_pb_old_content":"","_et_gb_content_width":""},"_links":{"self":[{"href":"https:\/\/cours-guitare-stmalo.com\/index.php\/wp-json\/wp\/v2\/pages\/104"}],"collection":[{"href":"https:\/\/cours-guitare-stmalo.com\/index.php\/wp-json\/wp\/v2\/pages"}],"about":[{"href":"https:\/\/cours-guitare-stmalo.com\/index.php\/wp-json\/wp\/v2\/types\/page"}],"author":[{"embeddable":true,"href":"https:\/\/cours-guitare-stmalo.com\/index.php\/wp-json\/wp\/v2\/users\/1"}],"replies":[{"embeddable":true,"href":"https:\/\/cours-guitare-stmalo.com\/index.php\/wp-json\/wp\/v2\/comments?post=104"}],"version-history":[{"count":21,"href":"https:\/\/cours-guitare-stmalo.com\/index.php\/wp-json\/wp\/v2\/pages\/104\/revisions"}],"predecessor-version":[{"id":847,"href":"https:\/\/cours-guitare-stmalo.com\/index.php\/wp-json\/wp\/v2\/pages\/104\/revisions\/847"}],"wp:attachment":[{"href":"https:\/\/cours-guitare-stmalo.com\/index.php\/wp-json\/wp\/v2\/media?parent=104"}],"curies":[{"name":"wp","href":"https:\/\/api.w.org\/{rel}","templated":true}]}}